{"id":118858,"date":"2023-03-29T13:19:14","date_gmt":"2023-03-29T11:19:14","guid":{"rendered":"https:\/\/www.spiritsofspeed.com\/cookies-policy\/"},"modified":"2023-04-26T15:16:12","modified_gmt":"2023-04-26T13:16:12","slug":"cookies-policy","status":"publish","type":"page","link":"https:\/\/www.spiritsofspeed.com\/es\/cookies-policy\/","title":{"rendered":"Pol\u00edtica de Cookies"},"content":{"rendered":"<div class=\"wpb-content-wrapper\">[vc_row row_height_percent=\u00bb0&#8243; override_padding=\u00bbyes\u00bb h_padding=\u00bb0&#8243; top_padding=\u00bb3&#8243; bottom_padding=\u00bb3&#8243; overlay_alpha=\u00bb50&#8243; gutter_size=\u00bb3&#8243; column_width_percent=\u00bb100&#8243; shift_y=\u00bb0&#8243; z_index=\u00bb0&#8243; uncode_shortcode_id=\u00bb121130&#8243;][vc_column][vc_single_image media=\u00bb117749&#8243; media_width_percent=\u00bb50&#8243; uncode_shortcode_id=\u00bb152820&#8243;][vc_custom_heading auto_text=\u00bbyes\u00bb text_transform=\u00bbuppercase\u00bb uncode_shortcode_id=\u00bb715969&#8243;]This is a custom heading element.<\/p>\r\n<p>[\/vc_custom_heading][vc_column_text uncode_shortcode_id=\u00bb204932&#8243;]<\/p>\r\n<div>\r\n<p><strong>\u00bfQu\u00e9 son las Cookies?<\/strong><\/p>\r\n<p>Cookie es un fichero que se descarga en su ordenador al acceder a determinadas p\u00e1ginas web. Las cookies permiten que un sitio web, entre otras cosas, almacene y recupere informaci\u00f3n sobre los h\u00e1bitos de navegaci\u00f3n de un usuario o de su computadora. Dependiendo de la informaci\u00f3n que contengan y de la forma en que utilice su ordenador, pueden utilizarse para reconocer al usuario. El navegador del usuario almacena cookies en el disco duro \u00fanicamente durante la sesi\u00f3n actual, ocupando un espacio m\u00ednimo de memoria y no perjudicando al ordenador. Las cookies no contienen ninguna informaci\u00f3n personal espec\u00edfica y la mayor\u00eda de ellas se eliminan del disco duro al final de la sesi\u00f3n del navegador (las llamadas cookies de sesi\u00f3n).<\/p>\r\n<p>La mayor\u00eda de los navegadores aceptan como est\u00e1ndar a las cookies y, con independencia del navegador, permiten o impiden en los ajustes de seguridad las cookies temporales o memorizadas.<\/p>\r\n<p>Sin su expreso consentimiento \u2013mediante la activaci\u00f3n de las cookies en su navegador\u2013 este sitio no enlazar\u00e1 en las cookies los datos memorizados con sus datos personales proporcionados en el momento del registro o la compra.<\/p>\r\n<p><strong>\u00bfQu\u00e9 tipos de cookies utiliza este sitio?<\/strong><\/p>\r\n<ul>\r\n<li>Cookies t\u00e9cnicas: Son aqu\u00e9llas que permiten al usuario la navegaci\u00f3n a trav\u00e9s de un sitio web, plataforma o aplicaci\u00f3n y la utilizaci\u00f3n de las diferentes opciones o servicios que en ella existan como, por ejemplo, controlar el tr\u00e1fico y la comunicaci\u00f3n de datos, identificar la sesi\u00f3n, acceder a partes de acceso restringido, recordar los elementos que integran un pedido, realizar el proceso de compra de un pedido, realizar la solicitud de inscripci\u00f3n o participaci\u00f3n en un evento, utilizar elementos de seguridad durante la navegaci\u00f3n, almacenar contenidos para la difusi\u00f3n de v\u00eddeo o sonido o compartir contenidos a trav\u00e9s de redes sociales.<\/li>\r\n<li>Cookies de personalizaci\u00f3n: Son aqu\u00e9llas que permiten al usuario acceder al servicio con algunas caracter\u00edsticas de car\u00e1cter general predefinidas en funci\u00f3n de una serie de criterios en el terminal del usuario como por ejemplo serian el idioma, el tipo de navegador a trav\u00e9s del cual accede al servicio, la configuraci\u00f3n regional desde donde accede al usuario el servicio, etc<\/li>\r\n<li>Cookies de an\u00e1lisis: Son aqu\u00e9llas qu\u00e9, bien tratadas por nosotros o por terceros, nos permiten cuantificar el n\u00famero de usuarios y as\u00ed realizar la medici\u00f3n y an\u00e1lisis estad\u00edstico de la utilizaci\u00f3n que hacen los usuarios del servicio ofertado. Para ello se analiza su navegaci\u00f3n en nuestra p\u00e1gina web para mejorar la oferta de productos o servicios que le ofrecemos.<\/li>\r\n<li>Cookies publicitarias: Son aqu\u00e9llas que, bien tratadas por nosotros o por terceros, nos permiten gestionar, de la forma m\u00e1s eficaz posible, la oferta de espacios publicitarios en el sitio web, adaptando el contenido de los anuncios al contenido del servicio solicitado o al uso que se haga de nuestros sitio web. As\u00ed podemos analizar sus h\u00e1bitos de navegaci\u00f3n en Internet y podemos mostrarle respecto a su anuncio Publicidad con navegaci\u00f3n<\/li>\r\n<li>Cookies de publicidad comportamental: Son aqu\u00e9llas que permiten la gesti\u00f3n, de la forma m\u00e1s eficaz posible, de los espacios publicitarios que un editor haya incluido en una p\u00e1gina web, aplicaci\u00f3n o plataforma desde la que presta el servicio solicitado. Estas cookies almacenan informaci\u00f3n del comportamiento de los usuarios obtenida a trav\u00e9s de la observaci\u00f3n continuada de sus h\u00e1bitos de navegaci\u00f3n, lo que permite desarrollar un perfil espec\u00edfico para mostrar publicidad en funci\u00f3n de este.<\/li>\r\n<\/ul>\r\n<p><strong>Cookies de terceros:<\/strong><\/p>\r\n<p>Este sitio web puede utilizar servicios de terceros que recopilar\u00e1n informaci\u00f3n con fines estad\u00edsticos, de uso del Sitio por parte del usuario y para la prestaci\u00f3n de otros servicios relacionados con la actividad del Sitio Web y otros servicios de Internet.<\/p>\r\n<p>En particular, este Sitio Web utiliza:<\/p>\r\n<ul>\r\n<li>Cookies de Google Analytics: se utilizan para analizar y medir el uso que hacen los visitantes de este sitio web. La informaci\u00f3n se utiliza para elaborar informes que permiten la mejora de este sitio web. Estas cookies recopilan informaci\u00f3n de forma an\u00f3nima, incluida la cantidad de visitantes del sitio, c\u00f3mo llegaron al sitio y las p\u00e1ginas visitadas mientras navegaban por nuestro sitio web.<\/li>\r\n<li>Cookies de Youtube: Se utilizan para contabilizar el n\u00famero de visualizaciones de v\u00eddeos incrustados en otros sitios web.<\/li>\r\n<li>Cookies AddThis: esta es una empresa de tecnolog\u00eda que permite que los sitios web y sus usuarios compartan contenido f\u00e1cilmente con otros, a trav\u00e9s de \u00edconos compartidos y destinos de marcadores sociales. Las cookies de AddThis se utilizan para permitir que se comparta el contenido. AddThis tambi\u00e9n se utiliza para recopilar informaci\u00f3n sobre c\u00f3mo se comparte el contenido del sitio web. Las cookies ayudan a identificar de forma \u00fanica a un usuario (no personalmente, sino en t\u00e9rminos de direcci\u00f3n) para que las tareas no se repitan dentro de un per\u00edodo de tiempo espec\u00edfico.<\/li>\r\n<\/ul>\r\n<p>Otras cookies de personalizaci\u00f3n: Estas cookies permiten al usuario especificar o personalizar algunas caracter\u00edsticas de las opciones generales del sitio web. Por ejemplo, defina el idioma, la configuraci\u00f3n regional o el tipo de navegador.<\/p>\r\n<p>Agrega esto <a href=\"http:\/\/www.addthis.com\/privacy\">http:\/\/www.addthis.com\/privacy<\/a><\/p>\r\n<p>Facebook <a href=\"https:\/\/es-es.facebook.com\/help\/cookies\">https:\/\/es-es.facebook.com\/help\/cookies<\/a><\/p>\r\n<p>Twitter <a href=\"https:\/\/twitter.com\/privacy\">https:\/\/twitter.com\/privacy<\/a><\/p>\r\n<p>Google <a href=\"http:\/\/www.google.es\/intl\/es\/policies\/technologies\/types\/\">http:\/\/www.google.es\/intl\/es\/policies\/technologies\/types\/<\/a><\/p>\r\n<p>YouTube <a href=\"https:\/\/support.google.com\/youtube\/answer\/2407785?hl=es-419\">https:\/\/support.google.com\/youtube\/answer\/2407785?hl=es-419<\/a><\/p>\r\n<p>Al utilizar este sitio, el usuario acepta expresamente el tratamiento de la informaci\u00f3n recabada en la forma y para los fines anteriormente mencionados. Asimismo, el usuario reconoce conocer la posibilidad de rechazar el tratamiento de tales datos o informaci\u00f3n rechazando el uso de cookies mediante la selecci\u00f3n de la configuraci\u00f3n apropiada a tal efecto en su navegador. La opci\u00f3n de bloqueo de cookies de su navegador puede no permitirle el uso pleno de todas las funcionalidades del sitio web.<\/p>\r\n<p>Puede permitir, bloquear o eliminar las cookies instaladas en su equipo mediante la configuraci\u00f3n de las opciones del navegador instalado en su ordenador:<\/p>\r\n<p>Chrome <a href=\"http:\/\/support.google.com\/chrome\/bin\/answer.py?hl=es&amp;answer=95647\">http:\/\/support.google.com\/chrome\/bin\/answer.py?hl=es&amp;answer=95647<\/a><\/p>\r\n<p>Explorador <a href=\"http:\/\/windows.microsoft.com\/es-es\/windows7\/how-to-manage-cookies-in-internet-explorer-9\">http:\/\/windows.microsoft.com\/es-es\/windows7\/how-to-manage-cookies-in-internet-explorer-9<\/a><\/p>\r\n<p>Firefox <a href=\"http:\/\/support.mozilla.org\/es\/kb\/habilitar-y-deshabilitar-cookies-que-los-sitios-we\">http:\/\/support.mozilla.org\/es\/kb\/habilitar-y-deshabilitar-cookies-que-los-sitios-we<\/a><\/p>\r\n<p>Safari <a href=\"http:\/\/support.apple.com\/kb\/ph5042\">http:\/\/support.apple.com\/kb\/ph5042<\/a><\/p>\r\n<p>Si tiene alguna duda sobre esta pol\u00edtica de cookies, puede contactar con nosotros en info@spiritsofspeed.com<\/p>\r\n<\/div>\r\n<div>\u00a0<\/div>\r\n<p>[\/vc_column_text][\/vc_column][\/vc_row]<\/p><\/div>","protected":false},"excerpt":{"rendered":"<p>[vc_row row_height_percent=\u00bb0&#8243; override_padding=\u00bbyes\u00bb h_padding=\u00bb0&#8243; top_padding=\u00bb3&#8243; bottom_padding=\u00bb3&#8243; overlay_alpha=\u00bb50&#8243; gutter_size=\u00bb3&#8243; column_width_percent=\u00bb100&#8243; shift_y=\u00bb0&#8243; z_index=\u00bb0&#8243; uncode_shortcode_id=\u00bb121130&#8243;][vc_column][vc_single_image media=\u00bb117749&#8243; media_width_percent=\u00bb50&#8243; uncode_shortcode_id=\u00bb152820&#8243;][vc_custom_heading auto_text=\u00bbyes\u00bb text_transform=\u00bbuppercase\u00bb uncode_shortcode_id=\u00bb715969&#8243;]This is a [&hellip;]<\/p>\n","protected":false},"author":1,"featured_media":0,"parent":0,"menu_order":0,"comment_status":"closed","ping_status":"closed","template":"","meta":{"footnotes":""},"class_list":["post-118858","page","type-page","status-publish","hentry"],"yoast_head":"<!-- This site is optimized with the Yoast SEO plugin v26.7 - https:\/\/yoast.com\/wordpress\/plugins\/seo\/ -->\n<title>Pol\u00edtica de Cookies | Spirits of Speed<\/title>\n<meta name=\"robots\" content=\"index, follow, max-snippet:-1, max-image-preview:large, max-video-preview:-1\" \/>\n<link rel=\"canonical\" href=\"https:\/\/www.spiritsofspeed.com\/es\/cookies-policy\/\" \/>\n<meta property=\"og:locale\" content=\"es_ES\" \/>\n<meta property=\"og:type\" content=\"article\" \/>\n<meta property=\"og:title\" content=\"Pol\u00edtica de Cookies | Spirits of Speed\" \/>\n<meta property=\"og:description\" content=\"[vc_row row_height_percent=\u00bb0&#8243; override_padding=\u00bbyes\u00bb h_padding=\u00bb0&#8243; top_padding=\u00bb3&#8243; bottom_padding=\u00bb3&#8243; overlay_alpha=\u00bb50&#8243; gutter_size=\u00bb3&#8243; column_width_percent=\u00bb100&#8243; shift_y=\u00bb0&#8243; z_index=\u00bb0&#8243; uncode_shortcode_id=\u00bb121130&#8243;][vc_column][vc_single_image media=\u00bb117749&#8243; media_width_percent=\u00bb50&#8243; uncode_shortcode_id=\u00bb152820&#8243;][vc_custom_heading auto_text=\u00bbyes\u00bb text_transform=\u00bbuppercase\u00bb uncode_shortcode_id=\u00bb715969&#8243;]This is a [&hellip;]\" \/>\n<meta property=\"og:url\" content=\"https:\/\/www.spiritsofspeed.com\/es\/cookies-policy\/\" \/>\n<meta property=\"og:site_name\" content=\"Spirits of Speed\" \/>\n<meta property=\"article:publisher\" content=\"https:\/\/www.facebook.com\/spiritsofspeed\/\" \/>\n<meta property=\"article:modified_time\" content=\"2023-04-26T13:16:12+00:00\" \/>\n<meta property=\"og:image\" content=\"https:\/\/www.spiritsofspeed.com\/wp-content\/uploads\/2023\/03\/spirits-of-speed-rolls-royce-featured.webp\" \/>\n\t<meta property=\"og:image:width\" content=\"1920\" \/>\n\t<meta property=\"og:image:height\" content=\"1080\" \/>\n\t<meta property=\"og:image:type\" content=\"image\/webp\" \/>\n<meta name=\"twitter:card\" content=\"summary_large_image\" \/>\n<meta name=\"twitter:label1\" content=\"Tiempo de lectura\" \/>\n\t<meta name=\"twitter:data1\" content=\"5 minutos\" \/>\n<script type=\"application\/ld+json\" class=\"yoast-schema-graph\">{\"@context\":\"https:\/\/schema.org\",\"@graph\":[{\"@type\":\"WebPage\",\"@id\":\"https:\/\/www.spiritsofspeed.com\/es\/cookies-policy\/\",\"url\":\"https:\/\/www.spiritsofspeed.com\/es\/cookies-policy\/\",\"name\":\"Pol\u00edtica de Cookies | Spirits of Speed\",\"isPartOf\":{\"@id\":\"https:\/\/www.spiritsofspeed.com\/es\/#website\"},\"datePublished\":\"2023-03-29T11:19:14+00:00\",\"dateModified\":\"2023-04-26T13:16:12+00:00\",\"breadcrumb\":{\"@id\":\"https:\/\/www.spiritsofspeed.com\/es\/cookies-policy\/#breadcrumb\"},\"inLanguage\":\"es\",\"potentialAction\":[{\"@type\":\"ReadAction\",\"target\":[\"https:\/\/www.spiritsofspeed.com\/es\/cookies-policy\/\"]}]},{\"@type\":\"BreadcrumbList\",\"@id\":\"https:\/\/www.spiritsofspeed.com\/es\/cookies-policy\/#breadcrumb\",\"itemListElement\":[{\"@type\":\"ListItem\",\"position\":1,\"name\":\"Home\",\"item\":\"https:\/\/www.spiritsofspeed.com\/es\/\"},{\"@type\":\"ListItem\",\"position\":2,\"name\":\"Pol\u00edtica de Cookies\"}]},{\"@type\":\"WebSite\",\"@id\":\"https:\/\/www.spiritsofspeed.com\/es\/#website\",\"url\":\"https:\/\/www.spiritsofspeed.com\/es\/\",\"name\":\"Spirits of Speed\",\"description\":\"Specialists in Automotive Sales\",\"publisher\":{\"@id\":\"https:\/\/www.spiritsofspeed.com\/es\/#organization\"},\"potentialAction\":[{\"@type\":\"SearchAction\",\"target\":{\"@type\":\"EntryPoint\",\"urlTemplate\":\"https:\/\/www.spiritsofspeed.com\/es\/?s={search_term_string}\"},\"query-input\":{\"@type\":\"PropertyValueSpecification\",\"valueRequired\":true,\"valueName\":\"search_term_string\"}}],\"inLanguage\":\"es\"},{\"@type\":\"Organization\",\"@id\":\"https:\/\/www.spiritsofspeed.com\/es\/#organization\",\"name\":\"Spirits of Speed\",\"url\":\"https:\/\/www.spiritsofspeed.com\/es\/\",\"logo\":{\"@type\":\"ImageObject\",\"inLanguage\":\"es\",\"@id\":\"https:\/\/www.spiritsofspeed.com\/es\/#\/schema\/logo\/image\/\",\"url\":\"https:\/\/www.spiritsofspeed.com\/wp-content\/uploads\/2023\/03\/spirits-of-speed-logo-light.webp\",\"contentUrl\":\"https:\/\/www.spiritsofspeed.com\/wp-content\/uploads\/2023\/03\/spirits-of-speed-logo-light.webp\",\"width\":800,\"height\":158,\"caption\":\"Spirits of Speed\"},\"image\":{\"@id\":\"https:\/\/www.spiritsofspeed.com\/es\/#\/schema\/logo\/image\/\"},\"sameAs\":[\"https:\/\/www.facebook.com\/spiritsofspeed\/\",\"https:\/\/www.linkedin.com\/company\/spirits-of-speed\/\",\"https:\/\/www.youtube.com\/channel\/UCgT4KlXMzPk-8s0bNkyIsyw\"]}]}<\/script>\n<!-- \/ Yoast SEO plugin. -->","yoast_head_json":{"title":"Pol\u00edtica de Cookies | Spirits of Speed","robots":{"index":"index","follow":"follow","max-snippet":"max-snippet:-1","max-image-preview":"max-image-preview:large","max-video-preview":"max-video-preview:-1"},"canonical":"https:\/\/www.spiritsofspeed.com\/es\/cookies-policy\/","og_locale":"es_ES","og_type":"article","og_title":"Pol\u00edtica de Cookies | Spirits of Speed","og_description":"[vc_row row_height_percent=\u00bb0&#8243; override_padding=\u00bbyes\u00bb h_padding=\u00bb0&#8243; top_padding=\u00bb3&#8243; bottom_padding=\u00bb3&#8243; overlay_alpha=\u00bb50&#8243; gutter_size=\u00bb3&#8243; column_width_percent=\u00bb100&#8243; shift_y=\u00bb0&#8243; z_index=\u00bb0&#8243; uncode_shortcode_id=\u00bb121130&#8243;][vc_column][vc_single_image media=\u00bb117749&#8243; media_width_percent=\u00bb50&#8243; uncode_shortcode_id=\u00bb152820&#8243;][vc_custom_heading auto_text=\u00bbyes\u00bb text_transform=\u00bbuppercase\u00bb uncode_shortcode_id=\u00bb715969&#8243;]This is a [&hellip;]","og_url":"https:\/\/www.spiritsofspeed.com\/es\/cookies-policy\/","og_site_name":"Spirits of Speed","article_publisher":"https:\/\/www.facebook.com\/spiritsofspeed\/","article_modified_time":"2023-04-26T13:16:12+00:00","og_image":[{"width":1920,"height":1080,"url":"https:\/\/www.spiritsofspeed.com\/wp-content\/uploads\/2023\/03\/spirits-of-speed-rolls-royce-featured.webp","type":"image\/webp"}],"twitter_card":"summary_large_image","twitter_misc":{"Tiempo de lectura":"5 minutos"},"schema":{"@context":"https:\/\/schema.org","@graph":[{"@type":"WebPage","@id":"https:\/\/www.spiritsofspeed.com\/es\/cookies-policy\/","url":"https:\/\/www.spiritsofspeed.com\/es\/cookies-policy\/","name":"Pol\u00edtica de Cookies | Spirits of Speed","isPartOf":{"@id":"https:\/\/www.spiritsofspeed.com\/es\/#website"},"datePublished":"2023-03-29T11:19:14+00:00","dateModified":"2023-04-26T13:16:12+00:00","breadcrumb":{"@id":"https:\/\/www.spiritsofspeed.com\/es\/cookies-policy\/#breadcrumb"},"inLanguage":"es","potentialAction":[{"@type":"ReadAction","target":["https:\/\/www.spiritsofspeed.com\/es\/cookies-policy\/"]}]},{"@type":"BreadcrumbList","@id":"https:\/\/www.spiritsofspeed.com\/es\/cookies-policy\/#breadcrumb","itemListElement":[{"@type":"ListItem","position":1,"name":"Home","item":"https:\/\/www.spiritsofspeed.com\/es\/"},{"@type":"ListItem","position":2,"name":"Pol\u00edtica de Cookies"}]},{"@type":"WebSite","@id":"https:\/\/www.spiritsofspeed.com\/es\/#website","url":"https:\/\/www.spiritsofspeed.com\/es\/","name":"Spirits of Speed","description":"Specialists in Automotive Sales","publisher":{"@id":"https:\/\/www.spiritsofspeed.com\/es\/#organization"},"potentialAction":[{"@type":"SearchAction","target":{"@type":"EntryPoint","urlTemplate":"https:\/\/www.spiritsofspeed.com\/es\/?s={search_term_string}"},"query-input":{"@type":"PropertyValueSpecification","valueRequired":true,"valueName":"search_term_string"}}],"inLanguage":"es"},{"@type":"Organization","@id":"https:\/\/www.spiritsofspeed.com\/es\/#organization","name":"Spirits of Speed","url":"https:\/\/www.spiritsofspeed.com\/es\/","logo":{"@type":"ImageObject","inLanguage":"es","@id":"https:\/\/www.spiritsofspeed.com\/es\/#\/schema\/logo\/image\/","url":"https:\/\/www.spiritsofspeed.com\/wp-content\/uploads\/2023\/03\/spirits-of-speed-logo-light.webp","contentUrl":"https:\/\/www.spiritsofspeed.com\/wp-content\/uploads\/2023\/03\/spirits-of-speed-logo-light.webp","width":800,"height":158,"caption":"Spirits of Speed"},"image":{"@id":"https:\/\/www.spiritsofspeed.com\/es\/#\/schema\/logo\/image\/"},"sameAs":["https:\/\/www.facebook.com\/spiritsofspeed\/","https:\/\/www.linkedin.com\/company\/spirits-of-speed\/","https:\/\/www.youtube.com\/channel\/UCgT4KlXMzPk-8s0bNkyIsyw"]}]}},"_links":{"self":[{"href":"https:\/\/www.spiritsofspeed.com\/es\/wp-json\/wp\/v2\/pages\/118858","targetHints":{"allow":["GET"]}}],"collection":[{"href":"https:\/\/www.spiritsofspeed.com\/es\/wp-json\/wp\/v2\/pages"}],"about":[{"href":"https:\/\/www.spiritsofspeed.com\/es\/wp-json\/wp\/v2\/types\/page"}],"author":[{"embeddable":true,"href":"https:\/\/www.spiritsofspeed.com\/es\/wp-json\/wp\/v2\/users\/1"}],"replies":[{"embeddable":true,"href":"https:\/\/www.spiritsofspeed.com\/es\/wp-json\/wp\/v2\/comments?post=118858"}],"version-history":[{"count":2,"href":"https:\/\/www.spiritsofspeed.com\/es\/wp-json\/wp\/v2\/pages\/118858\/revisions"}],"predecessor-version":[{"id":118860,"href":"https:\/\/www.spiritsofspeed.com\/es\/wp-json\/wp\/v2\/pages\/118858\/revisions\/118860"}],"wp:attachment":[{"href":"https:\/\/www.spiritsofspeed.com\/es\/wp-json\/wp\/v2\/media?parent=118858"}],"curies":[{"name":"wp","href":"https:\/\/api.w.org\/{rel}","templated":true}]}}