{"id":118762,"date":"2023-03-30T08:58:17","date_gmt":"2023-03-30T06:58:17","guid":{"rendered":"https:\/\/www.spiritsofspeed.com\/especialistas-en-venta-y-postventa-de-automoviles\/"},"modified":"2023-04-27T17:17:55","modified_gmt":"2023-04-27T15:17:55","slug":"especialistas-en-venta-y-postventa-de-automoviles","status":"publish","type":"page","link":"https:\/\/www.spiritsofspeed.com\/es\/especialistas-en-venta-y-postventa-de-automoviles\/","title":{"rendered":"Especialistas en venta y <\/br>postventa de autom\u00f3viles"},"content":{"rendered":"<div class=\"wpb-content-wrapper\"><p>[vc_row row_height_percent=\u00bb0&#8243; override_padding=\u00bbyes\u00bb h_padding=\u00bb2&#8243; top_padding=\u00bb2&#8243; bottom_padding=\u00bb2&#8243; back_color=\u00bbcolor-jevc\u00bb overlay_alpha=\u00bb50&#8243; gutter_size=\u00bb3&#8243; column_width_percent=\u00bb100&#8243; shift_y=\u00bb0&#8243; z_index=\u00bb0&#8243; uncode_shortcode_id=\u00bb177175&#8243; back_color_type=\u00bbuncode-palette\u00bb][vc_column column_width_use_pixel=\u00bbyes\u00bb position_vertical=\u00bbmiddle\u00bb gutter_size=\u00bb3&#8243; style=\u00bbdark\u00bb overlay_alpha=\u00bb50&#8243; shift_x=\u00bb0&#8243; shift_y=\u00bb0&#8243; shift_y_down=\u00bb0&#8243; z_index=\u00bb0&#8243; align_medium=\u00bbalign_center_tablet\u00bb medium_width=\u00bb0&#8243; align_mobile=\u00bbalign_center_mobile\u00bb mobile_width=\u00bb0&#8243; width=\u00bb1\/1&#8243; column_width_pixel=\u00bb900&#8243; uncode_shortcode_id=\u00bb131095&#8243;][vc_custom_heading text_font=\u00bbfont-117396&#8243; text_height=\u00bbfontheight-357766&#8243; uncode_shortcode_id=\u00bb651691&#8243;]La visi\u00f3n de Spirits of Speed es ser una potencia mundial en el sector comercial de la automoci\u00f3n de lujo mediante la expansi\u00f3n y la incorporaci\u00f3n de marcas de veh\u00edculos. Spirits of Speed es la soluci\u00f3n integral para todas sus necesidades relacionadas con el veh\u00edculo.[\/vc_custom_heading][\/vc_column][\/vc_row][vc_row row_height_percent=\u00bb0&#8243; override_padding=\u00bbyes\u00bb h_padding=\u00bb2&#8243; top_padding=\u00bb5&#8243; bottom_padding=\u00bb3&#8243; back_color=\u00bbcolor-jevc\u00bb back_image=\u00bb118133&#8243; back_attachment=\u00bbfixed\u00bb overlay_color=\u00bbcolor-jevc\u00bb overlay_alpha=\u00bb70&#8243; gutter_size=\u00bb4&#8243; column_width_percent=\u00bb100&#8243; shift_y=\u00bb0&#8243; z_index=\u00bb0&#8243; enable_top_divider=\u00bbdefault\u00bb top_divider=\u00bbgradient\u00bb shape_top_h_use_pixel=\u00bb\u00bb shape_top_height=\u00bb250&#8243; shape_top_color=\u00bbcolor-jevc\u00bb shape_top_opacity=\u00bb100&#8243; shape_top_index=\u00bb0&#8243; uncode_shortcode_id=\u00bb978449&#8243; back_color_type=\u00bbuncode-palette\u00bb back_size=\u00bbcover\u00bb overlay_color_type=\u00bbuncode-palette\u00bb shape_top_color_type=\u00bbuncode-palette\u00bb][vc_column column_width_percent=\u00bb100&#8243; gutter_size=\u00bb2&#8243; style=\u00bbdark\u00bb overlay_alpha=\u00bb50&#8243; shift_x=\u00bb0&#8243; shift_y=\u00bb0&#8243; shift_y_down=\u00bb0&#8243; z_index=\u00bb0&#8243; align_medium=\u00bbalign_center_tablet\u00bb medium_width=\u00bb0&#8243; align_mobile=\u00bbalign_center_mobile\u00bb mobile_width=\u00bb0&#8243; width=\u00bb1\/1&#8243; uncode_shortcode_id=\u00bb618496&#8243;][vc_custom_heading heading_semantic=\u00bbh6&#8243; text_size=\u00bbfontsize-160000&#8243; text_transform=\u00bbuppercase\u00bb text_space=\u00bbfontspace-135905&#8243; uncode_shortcode_id=\u00bb141077&#8243;]Sobre nosotros[\/vc_custom_heading][vc_empty_space empty_h=\u00bb2&#8243;][vc_row_inner limit_content=\u00bb\u00bb][vc_column_inner column_width_percent=\u00bb100&#8243; gutter_size=\u00bb2&#8243; style=\u00bbdark\u00bb overlay_alpha=\u00bb50&#8243; shift_x=\u00bb0&#8243; shift_y=\u00bb0&#8243; shift_y_down=\u00bb0&#8243; z_index=\u00bb0&#8243; align_medium=\u00bbalign_center_tablet\u00bb medium_width=\u00bb0&#8243; align_mobile=\u00bbalign_center_mobile\u00bb mobile_width=\u00bb0&#8243; width=\u00bb4\/12&#8243; uncode_shortcode_id=\u00bb143433&#8243;][vc_custom_heading heading_semantic=\u00bbh3&#8243; text_size=\u00bbfontsize-155944&#8243; text_transform=\u00bbuppercase\u00bb uncode_shortcode_id=\u00bb207582&#8243;]Spirits of Speed, un centro de automoci\u00f3n desde 2018[\/vc_custom_heading][vc_empty_space empty_h=\u00bb2&#8243; desktop_visibility=\u00bbyes\u00bb][\/vc_column_inner][vc_column_inner column_width_percent=\u00bb100&#8243; gutter_size=\u00bb3&#8243; overlay_alpha=\u00bb50&#8243; shift_x=\u00bb0&#8243; shift_y=\u00bb0&#8243; shift_y_down=\u00bb0&#8243; z_index=\u00bb0&#8243; medium_visibility=\u00bbyes\u00bb medium_width=\u00bb0&#8243; mobile_visibility=\u00bbyes\u00bb mobile_width=\u00bb0&#8243; width=\u00bb2\/12&#8243;][\/vc_column_inner][vc_column_inner column_width_percent=\u00bb100&#8243; gutter_size=\u00bb3&#8243; style=\u00bbdark\u00bb overlay_alpha=\u00bb50&#8243; shift_x=\u00bb0&#8243; shift_y=\u00bb0&#8243; shift_y_down=\u00bb0&#8243; z_index=\u00bb0&#8243; align_medium=\u00bbalign_center_tablet\u00bb medium_width=\u00bb0&#8243; align_mobile=\u00bbalign_center_mobile\u00bb mobile_width=\u00bb0&#8243; width=\u00bb6\/12&#8243; uncode_shortcode_id=\u00bb145528&#8243;][vc_column_text uncode_shortcode_id=\u00bb302247&#8243;]Spirits of Speed se estableci\u00f3 en 2018 como un centro de automoci\u00f3n de lujo, con la introducci\u00f3n del primer concesionario Rolls-Royce Motor Cars en Espa\u00f1a abordando la creciente demanda de veh\u00edculos de lujo en el pa\u00eds. A continuaci\u00f3n, adquirimos el concesionario de Rimac Automobili en toda la regi\u00f3n mediterr\u00e1nea y nos convertimos en el concesionario oficial de Koenigsegg en Barcelona. Recientemente incorporando la concesi\u00f3n de Czinger Vehicles, el primer hiper deportivo dise\u00f1ado con Inteligencia Artificial y construido bajo impresi\u00f3n 3D.<\/p>\n<p>Para expandirnos a\u00fan m\u00e1s, tambi\u00e9n adquirimos el concesionario oficial de Novitec en Barcelona, lo que brinda a los clientes la posibilidad de elegir entre una amplia gama de veh\u00edculos seg\u00fan sus necesidades individuales. Nuestro taller de \u00faltima generaci\u00f3n en Barcelona est\u00e1 completamente equipado para atender las necesidades de servicio de todas las marcas de autom\u00f3viles a precios competitivos, junto con un servicio de hoteler\u00eda para autom\u00f3viles, siguiendo los m\u00e1s altos est\u00e1ndares de calidad para garantizar que su veh\u00edculo est\u00e9 cuidado en la manera correcta.<\/p>\n<p>La visi\u00f3n de Spirits of Speed es ser una potencia mundial en el sector comercial de la automoci\u00f3n de lujo mediante la expansi\u00f3n y la incorporaci\u00f3n de marcas de veh\u00edculos. Spirits of Speed es la soluci\u00f3n integral para todas sus necesidades relacionadas con el veh\u00edculo.[\/vc_column_text][\/vc_column_inner][\/vc_row_inner][\/vc_column][\/vc_row][vc_row row_height_percent=\u00bb0&#8243; override_padding=\u00bbyes\u00bb h_padding=\u00bb2&#8243; top_padding=\u00bb3&#8243; bottom_padding=\u00bb3&#8243; back_color=\u00bbcolor-jevc\u00bb overlay_alpha=\u00bb50&#8243; gutter_size=\u00bb3&#8243; column_width_percent=\u00bb100&#8243; shift_y=\u00bb0&#8243; z_index=\u00bb2&#8243; uncode_shortcode_id=\u00bb175026&#8243; back_color_type=\u00bbuncode-palette\u00bb][vc_column column_width_use_pixel=\u00bbyes\u00bb position_vertical=\u00bbmiddle\u00bb align_horizontal=\u00bbalign_center\u00bb gutter_size=\u00bb4&#8243; style=\u00bbdark\u00bb overlay_alpha=\u00bb50&#8243; shift_x=\u00bb0&#8243; shift_y=\u00bb0&#8243; shift_y_down=\u00bb0&#8243; shift_y_down_fixed=\u00bbyes\u00bb z_index=\u00bb0&#8243; medium_width=\u00bb0&#8243; align_mobile=\u00bbalign_center_mobile\u00bb mobile_width=\u00bb0&#8243; width=\u00bb1\/1&#8243; column_width_pixel=\u00bb900&#8243; uncode_shortcode_id=\u00bb109316&#8243;][vc_row_inner limit_content=\u00bb\u00bb][vc_column_inner column_width_use_pixel=\u00bbyes\u00bb position_vertical=\u00bbmiddle\u00bb align_horizontal=\u00bbalign_center\u00bb gutter_size=\u00bb4&#8243; override_padding=\u00bbyes\u00bb column_padding=\u00bb0&#8243; style=\u00bbdark\u00bb overlay_alpha=\u00bb50&#8243; shift_x=\u00bb0&#8243; shift_y=\u00bb0&#8243; shift_y_down=\u00bb0&#8243; z_index=\u00bb0&#8243; medium_width=\u00bb0&#8243; mobile_width=\u00bb0&#8243; width=\u00bb1\/1&#8243; column_width_pixel=\u00bb900&#8243; uncode_shortcode_id=\u00bb177727&#8243;][vc_custom_heading heading_semantic=\u00bbh3&#8243; text_size=\u00bbh1&#8243; text_transform=\u00bbuppercase\u00bb sub_lead=\u00bbyes\u00bb sub_reduced=\u00bbyes\u00bb uncode_shortcode_id=\u00bb211615&#8243;]Spirits of Speed, la soluci\u00f3n integral<br \/>\na todas sus necesidades automotrices[\/vc_custom_heading][vc_single_image media=\u00bb119064&#8243; media_lightbox=\u00bbyes\u00bb media_width_percent=\u00bb100&#8243; shadow=\u00bbyes\u00bb advanced=\u00bbyes\u00bb media_items=\u00bbmedia|poster,icon|xl\u00bb media_overlay_color=\u00bbcolor-jevc\u00bb media_overlay_opacity=\u00bb50&#8243; media_overlay_visible=\u00bbyes\u00bb media_text_visible=\u00bbyes\u00bb media_image_anim=\u00bbno\u00bb media_h_align=\u00bbcenter\u00bb media_padding=\u00bb2&#8243; media_icon=\u00bbfa fa-play\u00bb uncode_shortcode_id=\u00bb321138&#8243; media_overlay_color_type=\u00bbuncode-palette\u00bb][vc_custom_heading text_size=\u00bbh1&#8243; text_transform=\u00bbuppercase\u00bb uncode_shortcode_id=\u00bb170692&#8243;]El ecosistema de post venta mas completo del mercado[\/vc_custom_heading][vc_column_text uncode_shortcode_id=\u00bb172087&#8243;]En 2021, Spirits of Speed, a trav\u00e9s de su red global, identific\u00f3 una gran desconexi\u00f3n en el sector posventa entre los talleres y sus clientes, lo que condujo al desarrollo de Spirits of Speed Technologies: el primer ecosistema completo de posventa automotriz del mundo que conecta a todas las partes interesadas, involucrados a trav\u00e9s de una s\u00f3lida red digital.<\/p>\n<p>Los talleres pueden administrar sus clientes, inventarios, veh\u00edculos de recuperaci\u00f3n y socios de seguros, lo que les permite mejorar la eficiencia y la rentabilidad, mientras que los clientes pueden disfrutar convenientemente de una variedad de soluciones automotrices instant\u00e1neas, todo bajo una plataforma. Spirits of Speed Technologies est\u00e1 orientado a convertirse en la \u00fanica plataforma digital global que ser\u00e1 sin\u00f3nimo del sector de posventa automotriz.[\/vc_column_text][\/vc_column_inner][\/vc_row_inner][\/vc_column][\/vc_row][vc_row row_height_percent=\u00bb0&#8243; override_padding=\u00bbyes\u00bb h_padding=\u00bb2&#8243; top_padding=\u00bb2&#8243; bottom_padding=\u00bb3&#8243; back_color=\u00bbcolor-jevc\u00bb overlay_alpha=\u00bb50&#8243; gutter_size=\u00bb4&#8243; column_width_percent=\u00bb100&#8243; shift_y=\u00bb0&#8243; z_index=\u00bb0&#8243; uncode_shortcode_id=\u00bb565946&#8243; back_color_type=\u00bbuncode-palette\u00bb][vc_column column_width_percent=\u00bb100&#8243; gutter_size=\u00bb4&#8243; style=\u00bbdark\u00bb overlay_alpha=\u00bb50&#8243; shift_x=\u00bb0&#8243; shift_y=\u00bb0&#8243; shift_y_down=\u00bb0&#8243; z_index=\u00bb0&#8243; medium_width=\u00bb0&#8243; mobile_width=\u00bb0&#8243; width=\u00bb1\/1&#8243; uncode_shortcode_id=\u00bb206607&#8243;][vc_row_inner row_inner_height_percent=\u00bb0&#8243; overlay_alpha=\u00bb50&#8243; gutter_size=\u00bb1&#8243; shift_y=\u00bb0&#8243; z_index=\u00bb0&#8243; uncode_shortcode_id=\u00bb120460&#8243; limit_content=\u00bb\u00bb][vc_column_inner column_width_percent=\u00bb100&#8243; gutter_size=\u00bb3&#8243; overlay_alpha=\u00bb50&#8243; shift_x=\u00bb0&#8243; shift_y=\u00bb0&#8243; shift_y_down=\u00bb0&#8243; z_index=\u00bb0&#8243; medium_width=\u00bb4&#8243; mobile_width=\u00bb4&#8243; width=\u00bb1\/2&#8243;][vc_single_image media=\u00bb118151&#8243; media_width_percent=\u00bb100&#8243; media_ratio=\u00bbfour-three\u00bb uncode_shortcode_id=\u00bb919976&#8243;][\/vc_column_inner][vc_column_inner column_width_percent=\u00bb100&#8243; gutter_size=\u00bb3&#8243; overlay_alpha=\u00bb50&#8243; shift_x=\u00bb0&#8243; shift_y=\u00bb0&#8243; shift_y_down=\u00bb0&#8243; z_index=\u00bb0&#8243; medium_width=\u00bb4&#8243; mobile_width=\u00bb4&#8243; width=\u00bb1\/2&#8243;][vc_single_image media=\u00bb118152&#8243; media_width_percent=\u00bb100&#8243; media_ratio=\u00bbfour-three\u00bb uncode_shortcode_id=\u00bb844966&#8243;][\/vc_column_inner][\/vc_row_inner][vc_row_inner limit_content=\u00bb\u00bb][vc_column_inner column_width_use_pixel=\u00bbyes\u00bb position_vertical=\u00bbmiddle\u00bb align_horizontal=\u00bbalign_center\u00bb gutter_size=\u00bb4&#8243; style=\u00bbdark\u00bb overlay_alpha=\u00bb50&#8243; shift_x=\u00bb0&#8243; shift_y=\u00bb0&#8243; shift_y_down=\u00bb0&#8243; z_index=\u00bb0&#8243; medium_width=\u00bb0&#8243; mobile_width=\u00bb0&#8243; width=\u00bb1\/1&#8243; uncode_shortcode_id=\u00bb703747&#8243; css=\u00bb.vc_custom_1680172726199{padding-right: 20px !important;}\u00bb column_width_pixel=\u00bb900&#8243;][vc_custom_heading text_font=\u00bbfont-117396&#8243; text_height=\u00bbfontheight-357766&#8243; separator=\u00bbyes\u00bb separator_double=\u00bbyes\u00bb uncode_shortcode_id=\u00bb182274&#8243;]Spirits of Speed y Spirits of Speed Technologies son parte de HZM Corporation, un conglomerado global que tiene como objetivo continuar la expansi\u00f3n en nuevas industrias y brindar productos y servicios de calidad para todos nuestros clientes.[\/vc_custom_heading][\/vc_column_inner][\/vc_row_inner][\/vc_column][\/vc_row]<\/p>\n<\/div>","protected":false},"excerpt":{"rendered":"<p>[vc_row row_height_percent=\u00bb0&#8243; override_padding=\u00bbyes\u00bb h_padding=\u00bb2&#8243; top_padding=\u00bb2&#8243; bottom_padding=\u00bb2&#8243; back_color=\u00bbcolor-jevc\u00bb overlay_alpha=\u00bb50&#8243; gutter_size=\u00bb3&#8243; column_width_percent=\u00bb100&#8243; shift_y=\u00bb0&#8243; z_index=\u00bb0&#8243; uncode_shortcode_id=\u00bb177175&#8243; back_color_type=\u00bbuncode-palette\u00bb][vc_column column_width_use_pixel=\u00bbyes\u00bb position_vertical=\u00bbmiddle\u00bb gutter_size=\u00bb3&#8243; style=\u00bbdark\u00bb overlay_alpha=\u00bb50&#8243; shift_x=\u00bb0&#8243; [&hellip;]<\/p>\n","protected":false},"author":1,"featured_media":118128,"parent":0,"menu_order":0,"comment_status":"closed","ping_status":"closed","template":"","meta":{"footnotes":""},"class_list":["post-118762","page","type-page","status-publish","has-post-thumbnail","hentry"],"yoast_head":"<!-- This site is optimized with the Yoast SEO plugin v26.7 - https:\/\/yoast.com\/wordpress\/plugins\/seo\/ -->\n<title>Acerca de nosotros | Spirits of Speed<\/title>\n<meta name=\"description\" content=\"Servicio Autorizado Rolls-Royce Motor Cars, distribuidores y especialistas en venta y post venta de autom\u00f3viles de lujo en Barcelona.\" \/>\n<meta name=\"robots\" content=\"index, follow, max-snippet:-1, max-image-preview:large, max-video-preview:-1\" \/>\n<link rel=\"canonical\" href=\"https:\/\/www.spiritsofspeed.com\/es\/especialistas-en-venta-y-postventa-de-automoviles\/\" \/>\n<meta property=\"og:locale\" content=\"es_ES\" \/>\n<meta property=\"og:type\" content=\"article\" \/>\n<meta property=\"og:title\" content=\"Acerca de nosotros | Spirits of Speed\" \/>\n<meta property=\"og:description\" content=\"Servicio Autorizado Rolls-Royce Motor Cars, distribuidores y especialistas en venta y post venta de autom\u00f3viles de lujo en Barcelona.\" \/>\n<meta property=\"og:url\" content=\"https:\/\/www.spiritsofspeed.com\/es\/especialistas-en-venta-y-postventa-de-automoviles\/\" \/>\n<meta property=\"og:site_name\" content=\"Spirits of Speed\" \/>\n<meta property=\"article:publisher\" content=\"https:\/\/www.facebook.com\/spiritsofspeed\/\" \/>\n<meta property=\"article:modified_time\" content=\"2023-04-27T15:17:55+00:00\" \/>\n<meta property=\"og:image\" content=\"https:\/\/www.spiritsofspeed.com\/wp-content\/uploads\/2023\/03\/spirits-of-speed-about-us-featured.webp\" \/>\n\t<meta property=\"og:image:width\" content=\"1920\" \/>\n\t<meta property=\"og:image:height\" content=\"1080\" \/>\n\t<meta property=\"og:image:type\" content=\"image\/webp\" \/>\n<meta name=\"twitter:card\" content=\"summary_large_image\" \/>\n<meta name=\"twitter:label1\" content=\"Tiempo de lectura\" \/>\n\t<meta name=\"twitter:data1\" content=\"4 minutos\" \/>\n<script type=\"application\/ld+json\" class=\"yoast-schema-graph\">{\"@context\":\"https:\/\/schema.org\",\"@graph\":[{\"@type\":\"WebPage\",\"@id\":\"https:\/\/www.spiritsofspeed.com\/es\/especialistas-en-venta-y-postventa-de-automoviles\/\",\"url\":\"https:\/\/www.spiritsofspeed.com\/es\/especialistas-en-venta-y-postventa-de-automoviles\/\",\"name\":\"Acerca de nosotros | Spirits of Speed\",\"isPartOf\":{\"@id\":\"https:\/\/www.spiritsofspeed.com\/es\/#website\"},\"primaryImageOfPage\":{\"@id\":\"https:\/\/www.spiritsofspeed.com\/es\/especialistas-en-venta-y-postventa-de-automoviles\/#primaryimage\"},\"image\":{\"@id\":\"https:\/\/www.spiritsofspeed.com\/es\/especialistas-en-venta-y-postventa-de-automoviles\/#primaryimage\"},\"thumbnailUrl\":\"https:\/\/www.spiritsofspeed.com\/wp-content\/uploads\/2023\/03\/spirits-of-speed-about-us-featured.webp\",\"datePublished\":\"2023-03-30T06:58:17+00:00\",\"dateModified\":\"2023-04-27T15:17:55+00:00\",\"description\":\"Servicio Autorizado Rolls-Royce Motor Cars, distribuidores y especialistas en venta y post venta de autom\u00f3viles de lujo en Barcelona.\",\"breadcrumb\":{\"@id\":\"https:\/\/www.spiritsofspeed.com\/es\/especialistas-en-venta-y-postventa-de-automoviles\/#breadcrumb\"},\"inLanguage\":\"es\",\"potentialAction\":[{\"@type\":\"ReadAction\",\"target\":[\"https:\/\/www.spiritsofspeed.com\/es\/especialistas-en-venta-y-postventa-de-automoviles\/\"]}]},{\"@type\":\"ImageObject\",\"inLanguage\":\"es\",\"@id\":\"https:\/\/www.spiritsofspeed.com\/es\/especialistas-en-venta-y-postventa-de-automoviles\/#primaryimage\",\"url\":\"https:\/\/www.spiritsofspeed.com\/wp-content\/uploads\/2023\/03\/spirits-of-speed-about-us-featured.webp\",\"contentUrl\":\"https:\/\/www.spiritsofspeed.com\/wp-content\/uploads\/2023\/03\/spirits-of-speed-about-us-featured.webp\",\"width\":1920,\"height\":1080},{\"@type\":\"BreadcrumbList\",\"@id\":\"https:\/\/www.spiritsofspeed.com\/es\/especialistas-en-venta-y-postventa-de-automoviles\/#breadcrumb\",\"itemListElement\":[{\"@type\":\"ListItem\",\"position\":1,\"name\":\"Home\",\"item\":\"https:\/\/www.spiritsofspeed.com\/es\/\"},{\"@type\":\"ListItem\",\"position\":2,\"name\":\"Especialistas en venta y postventa de autom\u00f3viles\"}]},{\"@type\":\"WebSite\",\"@id\":\"https:\/\/www.spiritsofspeed.com\/es\/#website\",\"url\":\"https:\/\/www.spiritsofspeed.com\/es\/\",\"name\":\"Spirits of Speed\",\"description\":\"Specialists in Automotive Sales\",\"publisher\":{\"@id\":\"https:\/\/www.spiritsofspeed.com\/es\/#organization\"},\"potentialAction\":[{\"@type\":\"SearchAction\",\"target\":{\"@type\":\"EntryPoint\",\"urlTemplate\":\"https:\/\/www.spiritsofspeed.com\/es\/?s={search_term_string}\"},\"query-input\":{\"@type\":\"PropertyValueSpecification\",\"valueRequired\":true,\"valueName\":\"search_term_string\"}}],\"inLanguage\":\"es\"},{\"@type\":\"Organization\",\"@id\":\"https:\/\/www.spiritsofspeed.com\/es\/#organization\",\"name\":\"Spirits of Speed\",\"url\":\"https:\/\/www.spiritsofspeed.com\/es\/\",\"logo\":{\"@type\":\"ImageObject\",\"inLanguage\":\"es\",\"@id\":\"https:\/\/www.spiritsofspeed.com\/es\/#\/schema\/logo\/image\/\",\"url\":\"https:\/\/www.spiritsofspeed.com\/wp-content\/uploads\/2023\/03\/spirits-of-speed-logo-light.webp\",\"contentUrl\":\"https:\/\/www.spiritsofspeed.com\/wp-content\/uploads\/2023\/03\/spirits-of-speed-logo-light.webp\",\"width\":800,\"height\":158,\"caption\":\"Spirits of Speed\"},\"image\":{\"@id\":\"https:\/\/www.spiritsofspeed.com\/es\/#\/schema\/logo\/image\/\"},\"sameAs\":[\"https:\/\/www.facebook.com\/spiritsofspeed\/\",\"https:\/\/www.linkedin.com\/company\/spirits-of-speed\/\",\"https:\/\/www.youtube.com\/channel\/UCgT4KlXMzPk-8s0bNkyIsyw\"]}]}<\/script>\n<!-- \/ Yoast SEO plugin. -->","yoast_head_json":{"title":"Acerca de nosotros | Spirits of Speed","description":"Servicio Autorizado Rolls-Royce Motor Cars, distribuidores y especialistas en venta y post venta de autom\u00f3viles de lujo en Barcelona.","robots":{"index":"index","follow":"follow","max-snippet":"max-snippet:-1","max-image-preview":"max-image-preview:large","max-video-preview":"max-video-preview:-1"},"canonical":"https:\/\/www.spiritsofspeed.com\/es\/especialistas-en-venta-y-postventa-de-automoviles\/","og_locale":"es_ES","og_type":"article","og_title":"Acerca de nosotros | Spirits of Speed","og_description":"Servicio Autorizado Rolls-Royce Motor Cars, distribuidores y especialistas en venta y post venta de autom\u00f3viles de lujo en Barcelona.","og_url":"https:\/\/www.spiritsofspeed.com\/es\/especialistas-en-venta-y-postventa-de-automoviles\/","og_site_name":"Spirits of Speed","article_publisher":"https:\/\/www.facebook.com\/spiritsofspeed\/","article_modified_time":"2023-04-27T15:17:55+00:00","og_image":[{"width":1920,"height":1080,"url":"https:\/\/www.spiritsofspeed.com\/wp-content\/uploads\/2023\/03\/spirits-of-speed-about-us-featured.webp","type":"image\/webp"}],"twitter_card":"summary_large_image","twitter_misc":{"Tiempo de lectura":"4 minutos"},"schema":{"@context":"https:\/\/schema.org","@graph":[{"@type":"WebPage","@id":"https:\/\/www.spiritsofspeed.com\/es\/especialistas-en-venta-y-postventa-de-automoviles\/","url":"https:\/\/www.spiritsofspeed.com\/es\/especialistas-en-venta-y-postventa-de-automoviles\/","name":"Acerca de nosotros | Spirits of Speed","isPartOf":{"@id":"https:\/\/www.spiritsofspeed.com\/es\/#website"},"primaryImageOfPage":{"@id":"https:\/\/www.spiritsofspeed.com\/es\/especialistas-en-venta-y-postventa-de-automoviles\/#primaryimage"},"image":{"@id":"https:\/\/www.spiritsofspeed.com\/es\/especialistas-en-venta-y-postventa-de-automoviles\/#primaryimage"},"thumbnailUrl":"https:\/\/www.spiritsofspeed.com\/wp-content\/uploads\/2023\/03\/spirits-of-speed-about-us-featured.webp","datePublished":"2023-03-30T06:58:17+00:00","dateModified":"2023-04-27T15:17:55+00:00","description":"Servicio Autorizado Rolls-Royce Motor Cars, distribuidores y especialistas en venta y post venta de autom\u00f3viles de lujo en Barcelona.","breadcrumb":{"@id":"https:\/\/www.spiritsofspeed.com\/es\/especialistas-en-venta-y-postventa-de-automoviles\/#breadcrumb"},"inLanguage":"es","potentialAction":[{"@type":"ReadAction","target":["https:\/\/www.spiritsofspeed.com\/es\/especialistas-en-venta-y-postventa-de-automoviles\/"]}]},{"@type":"ImageObject","inLanguage":"es","@id":"https:\/\/www.spiritsofspeed.com\/es\/especialistas-en-venta-y-postventa-de-automoviles\/#primaryimage","url":"https:\/\/www.spiritsofspeed.com\/wp-content\/uploads\/2023\/03\/spirits-of-speed-about-us-featured.webp","contentUrl":"https:\/\/www.spiritsofspeed.com\/wp-content\/uploads\/2023\/03\/spirits-of-speed-about-us-featured.webp","width":1920,"height":1080},{"@type":"BreadcrumbList","@id":"https:\/\/www.spiritsofspeed.com\/es\/especialistas-en-venta-y-postventa-de-automoviles\/#breadcrumb","itemListElement":[{"@type":"ListItem","position":1,"name":"Home","item":"https:\/\/www.spiritsofspeed.com\/es\/"},{"@type":"ListItem","position":2,"name":"Especialistas en venta y postventa de autom\u00f3viles"}]},{"@type":"WebSite","@id":"https:\/\/www.spiritsofspeed.com\/es\/#website","url":"https:\/\/www.spiritsofspeed.com\/es\/","name":"Spirits of Speed","description":"Specialists in Automotive Sales","publisher":{"@id":"https:\/\/www.spiritsofspeed.com\/es\/#organization"},"potentialAction":[{"@type":"SearchAction","target":{"@type":"EntryPoint","urlTemplate":"https:\/\/www.spiritsofspeed.com\/es\/?s={search_term_string}"},"query-input":{"@type":"PropertyValueSpecification","valueRequired":true,"valueName":"search_term_string"}}],"inLanguage":"es"},{"@type":"Organization","@id":"https:\/\/www.spiritsofspeed.com\/es\/#organization","name":"Spirits of Speed","url":"https:\/\/www.spiritsofspeed.com\/es\/","logo":{"@type":"ImageObject","inLanguage":"es","@id":"https:\/\/www.spiritsofspeed.com\/es\/#\/schema\/logo\/image\/","url":"https:\/\/www.spiritsofspeed.com\/wp-content\/uploads\/2023\/03\/spirits-of-speed-logo-light.webp","contentUrl":"https:\/\/www.spiritsofspeed.com\/wp-content\/uploads\/2023\/03\/spirits-of-speed-logo-light.webp","width":800,"height":158,"caption":"Spirits of Speed"},"image":{"@id":"https:\/\/www.spiritsofspeed.com\/es\/#\/schema\/logo\/image\/"},"sameAs":["https:\/\/www.facebook.com\/spiritsofspeed\/","https:\/\/www.linkedin.com\/company\/spirits-of-speed\/","https:\/\/www.youtube.com\/channel\/UCgT4KlXMzPk-8s0bNkyIsyw"]}]}},"_links":{"self":[{"href":"https:\/\/www.spiritsofspeed.com\/es\/wp-json\/wp\/v2\/pages\/118762","targetHints":{"allow":["GET"]}}],"collection":[{"href":"https:\/\/www.spiritsofspeed.com\/es\/wp-json\/wp\/v2\/pages"}],"about":[{"href":"https:\/\/www.spiritsofspeed.com\/es\/wp-json\/wp\/v2\/types\/page"}],"author":[{"embeddable":true,"href":"https:\/\/www.spiritsofspeed.com\/es\/wp-json\/wp\/v2\/users\/1"}],"replies":[{"embeddable":true,"href":"https:\/\/www.spiritsofspeed.com\/es\/wp-json\/wp\/v2\/comments?post=118762"}],"version-history":[{"count":19,"href":"https:\/\/www.spiritsofspeed.com\/es\/wp-json\/wp\/v2\/pages\/118762\/revisions"}],"predecessor-version":[{"id":119067,"href":"https:\/\/www.spiritsofspeed.com\/es\/wp-json\/wp\/v2\/pages\/118762\/revisions\/119067"}],"wp:featuredmedia":[{"embeddable":true,"href":"https:\/\/www.spiritsofspeed.com\/es\/wp-json\/wp\/v2\/media\/118128"}],"wp:attachment":[{"href":"https:\/\/www.spiritsofspeed.com\/es\/wp-json\/wp\/v2\/media?parent=118762"}],"curies":[{"name":"wp","href":"https:\/\/api.w.org\/{rel}","templated":true}]}}